{"id":1982,"date":"2021-05-24T14:28:33","date_gmt":"2021-05-24T14:28:33","guid":{"rendered":"https:\/\/clusterpapel.com\/aviso-legal\/"},"modified":"2021-08-03T08:54:00","modified_gmt":"2021-08-03T08:54:00","slug":"legal-advice","status":"publish","type":"page","link":"https:\/\/clusterpapel.com\/en\/legal-advice\/","title":{"rendered":"Legal Advice"},"content":{"rendered":"<section class=\"l-section wpb_row height_medium\"><div class=\"l-section-h i-cf\"><div class=\"g-cols vc_row via_flex valign_top type_default stacking_default\"><div class=\"vc_col-sm-12 wpb_column vc_column_container\"><div class=\"vc_column-inner\"><div class=\"wpb_wrapper\"><div class=\"wpb_text_column\"><div class=\"wpb_wrapper\"><p>En cumplimiento de la Ley 34\/2002, de 11 de julio, de Servicios de la Sociedad de la Informaci\u00f3n y Comercio Electr\u00f3nico, le informamos que el titular del sitio web www es:<\/p>\n<p>ASOCIACI\u00d3N CL\u00daSTER DEL PAPEL DE EUSKADI<br \/>\nG20633566<br \/>\nPortuetxe 23B. 3\u00aa planta. Oficina 314 &#8211; 20018 Donostia, San Sebasti\u00e1n<br \/>\n943 309 413<br \/>\n<a href=\"mailto:mail@clusterpapel.com\">mail@clusterpapel.com<\/a><\/p>\n<\/div><\/div><div class=\"wpb_text_column\"><div class=\"wpb_wrapper\"><h3>1. Responsabilidades y garant\u00edas<\/h3>\n<p>www.clusterpapel.com el usuario puede acceder al sitio web de forma voluntaria. Al navegar por este sitio web, el usuario reconoce y acepta sus avisos legales, condiciones de uso y su pol\u00edtica de privacidad.<\/p>\n<p>Cualquier uso de la informaci\u00f3n de este sitio web ser\u00e1 responsabilidad exclusiva del usuario y del usuario. Por tanto, el usuario debe comprometerse a utilizar la informaci\u00f3n de acuerdo con la finalidad del sitio web.<\/p>\n<p>El usuario no podr\u00e1, por tanto, dar un uso il\u00edcito a la informaci\u00f3n contenida en el sitio web.<\/p>\n<p>Los usuarios tendr\u00e1n prohibido insertar o informar contenido falso o incorrecto. Por tanto, el usuario ser\u00e1 el \u00fanico responsable de los da\u00f1os causados \u200b\u200bpor los datos facilitados.<\/p>\n<p>No se pueden utilizar datos personales de terceros sin su consentimiento. Tambi\u00e9n est\u00e1 prohibido utilizar datos de identificaci\u00f3n de terceros para colocarlos en el lugar de otra persona o entidad.<\/p>\n<p>LA ASOCIACI\u00d3N CL\u00daSTER DEL PAPEL DE EUSKADI realiza los m\u00e1ximos esfuerzos para que no existan errores en los contenidos publicados en el sitio web. Por lo que se reserva el derecho a modificarlos en cualquier momento. LA ASOCIACI\u00d3N CL\u00daSTER DEL PAPEL DE EUSKADI se exime expresamente de cualquier responsabilidad derivada de los errores u omisiones en el contenido de este sitio web, as\u00ed como de cualquier responsabilidad derivada de los da\u00f1os derivados de su falta de veracidad, exactitud o actualidad. Este sitio web puede incluir enlaces a otros sitios web. LA ASOCIACI\u00d3N CL\u00daSTER DEL PAPEL DE EUSKADI no asume ninguna responsabilidad por el contenido de cualquiera de estos sitios enlazados. El prop\u00f3sito de estos servicios es informar a los usuarios de otras fuentes de informaci\u00f3n; por tanto, el usuario ser\u00e1 el \u00fanico responsable de acceder a dichos contenidos de acuerdo con las condiciones all\u00ed establecidas.<\/p>\n<p>LA ASOCIACI\u00d3N CL\u00daSTER DEL PAPEL DE EUSKADI no se hace responsable de las consecuencias o da\u00f1os derivados del uso de este sitio web o de sus contenidos, incluidos los da\u00f1os inform\u00e1ticos y la inclusi\u00f3n de virus.<\/p>\n<p>LA ASOCIACI\u00d3N CL\u00daSTER DEL PAPEL DE EUSKADI se reserva el derecho a modificar o eliminar el dise\u00f1o, configuraci\u00f3n e informaci\u00f3n de este sitio web en cualquier momento, sin previo aviso o explicaci\u00f3n, si lo considera necesario. LA ASOCIACI\u00d3N CL\u00daSTER DEL PAPEL DE EUSKADI no ser\u00e1 responsable de los da\u00f1os que pudieran derivarse de dichos cambios. Sin embargo, utilizar\u00e1 todos los medios disponibles para informar a los usuarios de estos cambios.<\/p>\n<h3>2. Propiedad intelectual e industrial<\/h3>\n<p>Los contenidos de este sitio web (excluidos los datos personales) est\u00e1n sujetos a una licencia Creative Commons Attribution-Share Alike (CC-BY-SA) 4.0.<\/p>\n<p>Esta licencia otorga al usuario los siguientes derechos:<\/p>\n<ul>\n<li>Compartir: puede copiar y redistribuir contenido en cualquier medio y formato.<\/li>\n<li>Adaptar: puede reutilizar contenido y crear trabajos derivados, incluso con fines comerciales.<\/li>\n<\/ul>\n<p>Siempre que se cumplan las siguientes condiciones:<\/p>\n<ul>\n<li>Atribuci\u00f3n: Se debe reconocer la autor\u00eda del sitio web, se debe agregar un enlace a la licencia y se han realizado cambios, pero no de una manera que indique que este sitio web respalda el uso del sitio.<\/li>\n<li>Compartir equitativamente: si se crea un trabajo derivado, debe distribuirse utilizando la misma licencia.<\/li>\n<li>Sin restricciones adicionales: No es posible limitar lo que permite la licencia por medidas legales o tecnol\u00f3gicas.<\/li>\n<\/ul>\n<p>El incumplimiento de las condiciones establecidas por la licencia en el uso de los contenidos del sitio web podr\u00e1 dar lugar al ejercicio de las acciones legales correspondientes y, en su caso, se dar\u00e1 cumplimiento a las responsabilidades derivadas de su ejecuci\u00f3n.<\/p>\n<h3>3. Cambios<\/h3>\n<p>Todos estos t\u00e9rminos y condiciones pueden cambiar si la ASOCIACI\u00d3N CL\u00daSTER DEL PAPEL DE EUSKADI lo considera apropiado en cualquier momento; tanto para adaptarse a los cambios en la ley como para hacer otras mejoras. Estos cambios ser\u00e1n efectivos desde el momento en que se publiquen en este sitio web.<\/p>\n<h3>4. Jurisdicci\u00f3n<\/h3>\n<p>La ASOCIACI\u00d3N CL\u00daSTER DEL PAPEL DE EUSKADI y la relaci\u00f3n que se establezca entre el usuario se regir\u00e1 por lo dispuesto en la legislaci\u00f3n aplicable y la normativa vigente en materia de jurisdicci\u00f3n competente. En todo caso, si la normativa disponga que las partes deban someterse a un fuero, la ASOCIACI\u00d3N CL\u00daSTER DEL PAPEL DE EUSKADI y el usuario, con renuncia expresa a cualquier otro fuero pertinente, se someter\u00e1n a los Juzgados y Tribunales de San Sebasti\u00e1n.<\/p>\n<\/div><\/div><\/div><\/div><\/div><\/div><\/div><\/section>\n","protected":false},"excerpt":{"rendered":"En cumplimiento de la Ley 34\/2002, de 11 de julio, de Servicios de la Sociedad de la Informaci\u00f3n y Comercio Electr\u00f3nico, le informamos que el titular del sitio web www es: ASOCIACI\u00d3N CL\u00daSTER DEL PAPEL DE EUSKADI G20633566 Portuetxe 23B. 3\u00aa planta. Oficina 314 &#8211; 20018 Donostia, San Sebasti\u00e1n 943 309 413 mail@clusterpapel.com 1. Responsabilidades...","protected":false},"author":127,"featured_media":0,"parent":0,"menu_order":0,"comment_status":"closed","ping_status":"closed","template":"","meta":{"_acf_changed":false,"footnotes":""},"class_list":["post-1982","page","type-page","status-publish","hentry"],"acf":[],"yoast_head":"<!-- This site is optimized with the Yoast SEO plugin v27.3 - https:\/\/yoast.com\/product\/yoast-seo-wordpress\/ -->\n<title>Legal Advice - Cluster del Papel<\/title>\n<meta name=\"robots\" content=\"index, follow, max-snippet:-1, max-image-preview:large, max-video-preview:-1\" \/>\n<link rel=\"canonical\" href=\"https:\/\/clusterpapel.com\/en\/legal-advice\/\" \/>\n<meta property=\"og:locale\" content=\"en_US\" \/>\n<meta property=\"og:type\" content=\"article\" \/>\n<meta property=\"og:title\" content=\"Legal Advice - Cluster del Papel\" \/>\n<meta property=\"og:url\" content=\"https:\/\/clusterpapel.com\/en\/legal-advice\/\" \/>\n<meta property=\"og:site_name\" content=\"Cluster del Papel\" \/>\n<meta property=\"article:modified_time\" content=\"2021-08-03T08:54:00+00:00\" \/>\n<meta name=\"twitter:card\" content=\"summary_large_image\" \/>\n<meta name=\"twitter:label1\" content=\"Est. reading time\" \/>\n\t<meta name=\"twitter:data1\" content=\"4 minutes\" \/>\n<script type=\"application\/ld+json\" class=\"yoast-schema-graph\">{\"@context\":\"https:\\\/\\\/schema.org\",\"@graph\":[{\"@type\":\"WebPage\",\"@id\":\"https:\\\/\\\/clusterpapel.com\\\/en\\\/legal-advice\\\/\",\"url\":\"https:\\\/\\\/clusterpapel.com\\\/en\\\/legal-advice\\\/\",\"name\":\"Legal Advice - Cluster del Papel\",\"isPartOf\":{\"@id\":\"https:\\\/\\\/clusterpapel.com\\\/#website\"},\"datePublished\":\"2021-05-24T14:28:33+00:00\",\"dateModified\":\"2021-08-03T08:54:00+00:00\",\"breadcrumb\":{\"@id\":\"https:\\\/\\\/clusterpapel.com\\\/en\\\/legal-advice\\\/#breadcrumb\"},\"inLanguage\":\"en-US\",\"potentialAction\":[{\"@type\":\"ReadAction\",\"target\":[\"https:\\\/\\\/clusterpapel.com\\\/en\\\/legal-advice\\\/\"]}]},{\"@type\":\"BreadcrumbList\",\"@id\":\"https:\\\/\\\/clusterpapel.com\\\/en\\\/legal-advice\\\/#breadcrumb\",\"itemListElement\":[{\"@type\":\"ListItem\",\"position\":1,\"name\":\"Portada\",\"item\":\"https:\\\/\\\/clusterpapel.com\\\/en\\\/\"},{\"@type\":\"ListItem\",\"position\":2,\"name\":\"Legal Advice\"}]},{\"@type\":\"WebSite\",\"@id\":\"https:\\\/\\\/clusterpapel.com\\\/#website\",\"url\":\"https:\\\/\\\/clusterpapel.com\\\/\",\"name\":\"Cluster del Papel\",\"description\":\"Asociaci\u00f3n Cl\u00faster del Papel de Euskadi\",\"potentialAction\":[{\"@type\":\"SearchAction\",\"target\":{\"@type\":\"EntryPoint\",\"urlTemplate\":\"https:\\\/\\\/clusterpapel.com\\\/?s={search_term_string}\"},\"query-input\":{\"@type\":\"PropertyValueSpecification\",\"valueRequired\":true,\"valueName\":\"search_term_string\"}}],\"inLanguage\":\"en-US\"}]}<\/script>\n<!-- \/ Yoast SEO plugin. -->","yoast_head_json":{"title":"Legal Advice - Cluster del Papel","robots":{"index":"index","follow":"follow","max-snippet":"max-snippet:-1","max-image-preview":"max-image-preview:large","max-video-preview":"max-video-preview:-1"},"canonical":"https:\/\/clusterpapel.com\/en\/legal-advice\/","og_locale":"en_US","og_type":"article","og_title":"Legal Advice - Cluster del Papel","og_url":"https:\/\/clusterpapel.com\/en\/legal-advice\/","og_site_name":"Cluster del Papel","article_modified_time":"2021-08-03T08:54:00+00:00","twitter_card":"summary_large_image","twitter_misc":{"Est. reading time":"4 minutes"},"schema":{"@context":"https:\/\/schema.org","@graph":[{"@type":"WebPage","@id":"https:\/\/clusterpapel.com\/en\/legal-advice\/","url":"https:\/\/clusterpapel.com\/en\/legal-advice\/","name":"Legal Advice - Cluster del Papel","isPartOf":{"@id":"https:\/\/clusterpapel.com\/#website"},"datePublished":"2021-05-24T14:28:33+00:00","dateModified":"2021-08-03T08:54:00+00:00","breadcrumb":{"@id":"https:\/\/clusterpapel.com\/en\/legal-advice\/#breadcrumb"},"inLanguage":"en-US","potentialAction":[{"@type":"ReadAction","target":["https:\/\/clusterpapel.com\/en\/legal-advice\/"]}]},{"@type":"BreadcrumbList","@id":"https:\/\/clusterpapel.com\/en\/legal-advice\/#breadcrumb","itemListElement":[{"@type":"ListItem","position":1,"name":"Portada","item":"https:\/\/clusterpapel.com\/en\/"},{"@type":"ListItem","position":2,"name":"Legal Advice"}]},{"@type":"WebSite","@id":"https:\/\/clusterpapel.com\/#website","url":"https:\/\/clusterpapel.com\/","name":"Cluster del Papel","description":"Asociaci\u00f3n Cl\u00faster del Papel de Euskadi","potentialAction":[{"@type":"SearchAction","target":{"@type":"EntryPoint","urlTemplate":"https:\/\/clusterpapel.com\/?s={search_term_string}"},"query-input":{"@type":"PropertyValueSpecification","valueRequired":true,"valueName":"search_term_string"}}],"inLanguage":"en-US"}]}},"_links":{"self":[{"href":"https:\/\/clusterpapel.com\/en\/wp-json\/wp\/v2\/pages\/1982","targetHints":{"allow":["GET"]}}],"collection":[{"href":"https:\/\/clusterpapel.com\/en\/wp-json\/wp\/v2\/pages"}],"about":[{"href":"https:\/\/clusterpapel.com\/en\/wp-json\/wp\/v2\/types\/page"}],"author":[{"embeddable":true,"href":"https:\/\/clusterpapel.com\/en\/wp-json\/wp\/v2\/users\/127"}],"replies":[{"embeddable":true,"href":"https:\/\/clusterpapel.com\/en\/wp-json\/wp\/v2\/comments?post=1982"}],"version-history":[{"count":2,"href":"https:\/\/clusterpapel.com\/en\/wp-json\/wp\/v2\/pages\/1982\/revisions"}],"predecessor-version":[{"id":1984,"href":"https:\/\/clusterpapel.com\/en\/wp-json\/wp\/v2\/pages\/1982\/revisions\/1984"}],"wp:attachment":[{"href":"https:\/\/clusterpapel.com\/en\/wp-json\/wp\/v2\/media?parent=1982"}],"curies":[{"name":"wp","href":"https:\/\/api.w.org\/{rel}","templated":true}]}}