{"id":1998,"date":"2021-05-24T14:29:29","date_gmt":"2021-05-24T14:29:29","guid":{"rendered":"https:\/\/clusterpapel.com\/politica-de-cookies\/"},"modified":"2021-08-03T08:57:09","modified_gmt":"2021-08-03T08:57:09","slug":"cookies-policy","status":"publish","type":"page","link":"https:\/\/clusterpapel.com\/en\/cookies-policy\/","title":{"rendered":"Cookies Policy"},"content":{"rendered":"<section class=\"l-section wpb_row height_medium\"><div class=\"l-section-h i-cf\"><div class=\"g-cols vc_row via_flex valign_top type_default stacking_default\"><div class=\"vc_col-sm-12 wpb_column vc_column_container\"><div class=\"vc_column-inner\"><div class=\"wpb_wrapper\"><div class=\"wpb_text_column\"><div class=\"wpb_wrapper\"><p>En cumplimiento de la Ley 34\/2002, de 11 de julio, de Servicios de la Sociedad de la Informaci\u00f3n y Comercio Electr\u00f3nico, le advertimos que este sitio web utiliza cookies.<\/p>\n<h3>\u00bfQu\u00e9 son las cookies?<\/h3>\n<p>Las cookies son archivos que se almacenan en nuestro dispositivo (computadora, tel\u00e9fono inteligente, TV, tableta &#8230;) cuando visita ciertos sitios web. Su trabajo es que los sitios web almacenen informaci\u00f3n de los visitantes, como h\u00e1bitos de navegaci\u00f3n, otras configuraciones y, en algunos casos, su identidad.<\/p>\n<p>El navegador del visitante solo almacena cookies en el disco duro durante la sesi\u00f3n. Ocupan muy poco espacio y no da\u00f1an la computadora del visitante. Las cookies no almacenan ninguna informaci\u00f3n personal espec\u00edfica y la mayor\u00eda se borran de su disco duro cuando cierra su navegador.<\/p>\n<p>La mayor\u00eda de los navegadores aceptan cookies como est\u00e1ndar y aceptan o rechazan las cookies temporales y almacenadas a trav\u00e9s de la configuraci\u00f3n de seguridad.<\/p>\n<h3>Tipos de cookies<\/h3>\n<p>Seg\u00fan la organizaci\u00f3n de gesti\u00f3n de cookies:<\/p>\n<ul>\n<li>Cookies propias: se env\u00edan al equipo terminal del usuario, desde equipos utilizados por el propio editor y para prestar el servicio solicitado por el usuario.<\/li>\n<li>Cookies de terceros: estas cookies se env\u00edan al equipo terminal del usuario, desde equipos gestionados por alguien distinto al editor. La persona que gestiona el equipo tambi\u00e9n es responsable del tratamiento de los datos obtenidos a trav\u00e9s de las cookies.<\/li>\n<\/ul>\n<p>Dependiendo de la hora en que se activen:<\/p>\n<ul>\n<li>Cookies de sesi\u00f3n: este tipo de cookie est\u00e1 dise\u00f1ada para recabar y almacenar datos cuando el usuario accede a una p\u00e1gina web.<\/li>\n<li>Cookies persistentes: los datos que reciben estas cookies se almacenan en el terminal durante un per\u00edodo de tiempo determinado, durante el cual el responsable de la cookie puede acceder y procesarlos.<\/li>\n<\/ul>\n<p>A prop\u00f3sito:<\/p>\n<ul>\n<li>Cookies t\u00e9cnicas: estas cookies permiten al usuario navegar por el sitio web, plataforma o aplicaci\u00f3n y utilizar las opciones y servicios que ofrece el sitio web. Por ejemplo, controlar el tr\u00e1fico y la comunicaci\u00f3n de datos, identificar una sesi\u00f3n, acceder a sitios restringidos, recordar elementos en una solicitud, solicitar registrarse o participar en un evento, usar funciones de seguridad mientras navega, almacenar contenido para difundir videos o sonidos, o contenido en redes sociales. compartir medios.<\/li>\n<li>Cookies de personalizaci\u00f3n: estas cookies permiten al usuario acceder al servicio con diversas funcionalidades predefinidas en su equipo terminal o con funcionalidades definidas por el usuario. Por ejemplo, el idioma, el tipo de navegador utilizado para acceder al servicio, el dise\u00f1o del contenido seleccionado, la geolocalizaci\u00f3n del terminal y la configuraci\u00f3n de la regi\u00f3n para acceder al servicio, etc.<\/li>\n<li>Cookies de an\u00e1lisis: estas cookies permiten a los usuarios monitorear y analizar su comportamiento en los sitios web. La informaci\u00f3n recopilada con este tipo de cookies se utiliza para medir la actividad de sitios web, aplicaciones o plataformas, as\u00ed como para preparar perfiles de navegaci\u00f3n de los usuarios de estos sitios web, con el fin de realizar mejoras en el servicio en funci\u00f3n de c\u00f3mo los usuarios utilizan el servicio.<\/li>\n<li>Cookies publicitarias: estas cookies le permiten administrar eficazmente los sitios publicitarios incrustados en el sitio web o la aplicaci\u00f3n del servicio, en funci\u00f3n de varios criterios, como el contenido que edita o la frecuencia con la que se muestran sus anuncios.<\/li>\n<li>Cookies de publicidad comportamental: le permiten gestionar de forma eficaz los sitios publicitarios incrustados en el sitio web o aplicaci\u00f3n para la que presta el servicio. Estas cookies, a trav\u00e9s de la observaci\u00f3n, almacenan informaci\u00f3n sobre el comportamiento del usuario, luego desarrollan un perfil espec\u00edfico del usuario y muestran publicidad de un tipo u otro seg\u00fan ese perfil.<\/li>\n<\/ul>\n<h3>\u00bfQu\u00e9 cookies almacena este sitio web?<\/h3>\n<p>Siguiendo las principales directrices de la Agencia Espa\u00f1ola de Protecci\u00f3n de Datos, las siguientes son las cookies utilizadas por este sitio:<\/p>\n<ul>\n<li>Cookies de an\u00e1lisis: estas cookies permiten a los usuarios monitorear y analizar su comportamiento en los sitios web. La informaci\u00f3n recopilada con este tipo de cookies se utiliza para medir la actividad de sitios web, aplicaciones o plataformas, as\u00ed como para preparar perfiles de navegaci\u00f3n de los usuarios de estos sitios web, con el fin de realizar mejoras en el servicio en funci\u00f3n de c\u00f3mo los usuarios utilizan el servicio.<\/li>\n<li>Cookies de terceros: estas cookies se env\u00edan al equipo terminal del usuario, desde equipos gestionados por alguien distinto al editor. La persona que gestiona el equipo tambi\u00e9n es responsable del tratamiento de los datos obtenidos a trav\u00e9s de las cookies. Ejemplos de esto son las cookies instaladas para Google Analytics. En nuestro caso utilizamos cookies de Google Analytics, Twitter y Facebook. No podemos controlar el ajuste de las cookies de terceros; as\u00ed que gomen<\/li>\n<\/ul>\n<\/div><\/div><\/div><\/div><\/div><\/div><\/div><\/section>\n","protected":false},"excerpt":{"rendered":"En cumplimiento de la Ley 34\/2002, de 11 de julio, de Servicios de la Sociedad de la Informaci\u00f3n y Comercio Electr\u00f3nico, le advertimos que este sitio web utiliza cookies. \u00bfQu\u00e9 son las cookies? Las cookies son archivos que se almacenan en nuestro dispositivo (computadora, tel\u00e9fono inteligente, TV, tableta &#8230;) cuando visita ciertos sitios web. Su...","protected":false},"author":127,"featured_media":0,"parent":0,"menu_order":0,"comment_status":"closed","ping_status":"closed","template":"","meta":{"_acf_changed":false,"footnotes":""},"class_list":["post-1998","page","type-page","status-publish","hentry"],"acf":[],"yoast_head":"<!-- This site is optimized with the Yoast SEO plugin v26.9 - https:\/\/yoast.com\/product\/yoast-seo-wordpress\/ -->\n<title>Cookies Policy - Cluster del Papel<\/title>\n<meta name=\"robots\" content=\"index, follow, max-snippet:-1, max-image-preview:large, max-video-preview:-1\" \/>\n<link rel=\"canonical\" href=\"https:\/\/clusterpapel.com\/en\/cookies-policy\/\" \/>\n<meta property=\"og:locale\" content=\"en_US\" \/>\n<meta property=\"og:type\" content=\"article\" \/>\n<meta property=\"og:title\" content=\"Cookies Policy - Cluster del Papel\" \/>\n<meta property=\"og:url\" content=\"https:\/\/clusterpapel.com\/en\/cookies-policy\/\" \/>\n<meta property=\"og:site_name\" content=\"Cluster del Papel\" \/>\n<meta property=\"article:modified_time\" content=\"2021-08-03T08:57:09+00:00\" \/>\n<meta name=\"twitter:card\" content=\"summary_large_image\" \/>\n<meta name=\"twitter:label1\" content=\"Est. reading time\" \/>\n\t<meta name=\"twitter:data1\" content=\"4 minutes\" \/>\n<script type=\"application\/ld+json\" class=\"yoast-schema-graph\">{\"@context\":\"https:\/\/schema.org\",\"@graph\":[{\"@type\":\"WebPage\",\"@id\":\"https:\/\/clusterpapel.com\/en\/cookies-policy\/\",\"url\":\"https:\/\/clusterpapel.com\/en\/cookies-policy\/\",\"name\":\"Cookies Policy - Cluster del Papel\",\"isPartOf\":{\"@id\":\"https:\/\/clusterpapel.com\/#website\"},\"datePublished\":\"2021-05-24T14:29:29+00:00\",\"dateModified\":\"2021-08-03T08:57:09+00:00\",\"breadcrumb\":{\"@id\":\"https:\/\/clusterpapel.com\/en\/cookies-policy\/#breadcrumb\"},\"inLanguage\":\"en-US\",\"potentialAction\":[{\"@type\":\"ReadAction\",\"target\":[\"https:\/\/clusterpapel.com\/en\/cookies-policy\/\"]}]},{\"@type\":\"BreadcrumbList\",\"@id\":\"https:\/\/clusterpapel.com\/en\/cookies-policy\/#breadcrumb\",\"itemListElement\":[{\"@type\":\"ListItem\",\"position\":1,\"name\":\"Portada\",\"item\":\"https:\/\/clusterpapel.com\/en\/\"},{\"@type\":\"ListItem\",\"position\":2,\"name\":\"Cookies Policy\"}]},{\"@type\":\"WebSite\",\"@id\":\"https:\/\/clusterpapel.com\/#website\",\"url\":\"https:\/\/clusterpapel.com\/\",\"name\":\"Cluster del Papel\",\"description\":\"Asociaci\u00f3n Cl\u00faster del Papel de Euskadi\",\"potentialAction\":[{\"@type\":\"SearchAction\",\"target\":{\"@type\":\"EntryPoint\",\"urlTemplate\":\"https:\/\/clusterpapel.com\/?s={search_term_string}\"},\"query-input\":{\"@type\":\"PropertyValueSpecification\",\"valueRequired\":true,\"valueName\":\"search_term_string\"}}],\"inLanguage\":\"en-US\"}]}<\/script>\n<!-- \/ Yoast SEO plugin. -->","yoast_head_json":{"title":"Cookies Policy - Cluster del Papel","robots":{"index":"index","follow":"follow","max-snippet":"max-snippet:-1","max-image-preview":"max-image-preview:large","max-video-preview":"max-video-preview:-1"},"canonical":"https:\/\/clusterpapel.com\/en\/cookies-policy\/","og_locale":"en_US","og_type":"article","og_title":"Cookies Policy - Cluster del Papel","og_url":"https:\/\/clusterpapel.com\/en\/cookies-policy\/","og_site_name":"Cluster del Papel","article_modified_time":"2021-08-03T08:57:09+00:00","twitter_card":"summary_large_image","twitter_misc":{"Est. reading time":"4 minutes"},"schema":{"@context":"https:\/\/schema.org","@graph":[{"@type":"WebPage","@id":"https:\/\/clusterpapel.com\/en\/cookies-policy\/","url":"https:\/\/clusterpapel.com\/en\/cookies-policy\/","name":"Cookies Policy - Cluster del Papel","isPartOf":{"@id":"https:\/\/clusterpapel.com\/#website"},"datePublished":"2021-05-24T14:29:29+00:00","dateModified":"2021-08-03T08:57:09+00:00","breadcrumb":{"@id":"https:\/\/clusterpapel.com\/en\/cookies-policy\/#breadcrumb"},"inLanguage":"en-US","potentialAction":[{"@type":"ReadAction","target":["https:\/\/clusterpapel.com\/en\/cookies-policy\/"]}]},{"@type":"BreadcrumbList","@id":"https:\/\/clusterpapel.com\/en\/cookies-policy\/#breadcrumb","itemListElement":[{"@type":"ListItem","position":1,"name":"Portada","item":"https:\/\/clusterpapel.com\/en\/"},{"@type":"ListItem","position":2,"name":"Cookies Policy"}]},{"@type":"WebSite","@id":"https:\/\/clusterpapel.com\/#website","url":"https:\/\/clusterpapel.com\/","name":"Cluster del Papel","description":"Asociaci\u00f3n Cl\u00faster del Papel de Euskadi","potentialAction":[{"@type":"SearchAction","target":{"@type":"EntryPoint","urlTemplate":"https:\/\/clusterpapel.com\/?s={search_term_string}"},"query-input":{"@type":"PropertyValueSpecification","valueRequired":true,"valueName":"search_term_string"}}],"inLanguage":"en-US"}]}},"_links":{"self":[{"href":"https:\/\/clusterpapel.com\/en\/wp-json\/wp\/v2\/pages\/1998","targetHints":{"allow":["GET"]}}],"collection":[{"href":"https:\/\/clusterpapel.com\/en\/wp-json\/wp\/v2\/pages"}],"about":[{"href":"https:\/\/clusterpapel.com\/en\/wp-json\/wp\/v2\/types\/page"}],"author":[{"embeddable":true,"href":"https:\/\/clusterpapel.com\/en\/wp-json\/wp\/v2\/users\/127"}],"replies":[{"embeddable":true,"href":"https:\/\/clusterpapel.com\/en\/wp-json\/wp\/v2\/comments?post=1998"}],"version-history":[{"count":1,"href":"https:\/\/clusterpapel.com\/en\/wp-json\/wp\/v2\/pages\/1998\/revisions"}],"predecessor-version":[{"id":1999,"href":"https:\/\/clusterpapel.com\/en\/wp-json\/wp\/v2\/pages\/1998\/revisions\/1999"}],"wp:attachment":[{"href":"https:\/\/clusterpapel.com\/en\/wp-json\/wp\/v2\/media?parent=1998"}],"curies":[{"name":"wp","href":"https:\/\/api.w.org\/{rel}","templated":true}]}}