{"id":2000,"date":"2021-05-13T07:02:59","date_gmt":"2021-05-13T07:02:59","guid":{"rendered":"https:\/\/clusterpapel.com\/politica-privacidad\/"},"modified":"2021-08-03T08:57:37","modified_gmt":"2021-08-03T08:57:37","slug":"privacy-policy","status":"publish","type":"page","link":"https:\/\/clusterpapel.com\/en\/privacy-policy\/","title":{"rendered":"Privacy Policy"},"content":{"rendered":"<section class=\"l-section wpb_row height_medium\"><div class=\"l-section-h i-cf\"><div class=\"g-cols vc_row via_flex valign_top type_default stacking_default\"><div class=\"vc_col-sm-12 wpb_column vc_column_container\"><div class=\"vc_column-inner\"><div class=\"wpb_wrapper\"><div class=\"wpb_text_column\"><div class=\"wpb_wrapper\"><p>Esta pol\u00edtica de privacidad tiene como objetivo proporcionar informaci\u00f3n sobre el procesamiento de datos personales en este sitio web y describir los derechos de las partes interesadas del Reglamento (UE) n.o 679\/2016 del Parlamento Europeo y del Consejo, de 27 de abril de 2016, sobre la protecci\u00f3n de las personas. en lo que respecta al tratamiento de datos personales. y para proteger los Datos Personales y garantizar los derechos digitales, de acuerdo con la Ley Org\u00e1nica 2018\/3 de 5 de diciembre.<\/p>\n<h3>\u00bfQui\u00e9n es el responsable del tratamiento de sus datos personales?<\/h3>\n<p>ASOCIACI\u00d3N CL\u00daSTER DEL PAPEL DE EUSKADI<br \/>G20633566<br \/>Portuetxe 23B. 3\u00aa planta. Oficina 314 &#8211; 20018 Donostia, San Sebasti\u00e1n<br \/>943 309 413<br \/><a href=\"mailto:mail@clusterpapel.com\">mail@clusterpapel.com<\/a><\/p>\n<h3><strong>\u00bfCon qu\u00e9 finalidad recopilamos sus datos?<\/strong><\/h3>\n<p>ASOCIACI\u00d3N CL\u00daSTER DEL PAPEL DE EUSKADI utilizar\u00e1 estos datos para XXX<\/p>\n<h3><strong>\u00bfCu\u00e1nto tiempo se almacenar\u00e1n los datos?<\/strong><\/h3>\n<p>Mientras no se comprometa a eliminar estos datos, se almacenar\u00e1n en el archivo XXX \u00a0de la ASOCIACI\u00d3N CL\u00daSTER DEL PAPEL DE EUSKADI.<\/p>\n<h3><strong>\u00bfQu\u00e9 nos legitima para utilizar sus datos?<\/strong><\/h3>\n<p>La base legal para el tratamiento de los datos recabados a trav\u00e9s del sitio web <a href=\"http:\/\/www.clusterpapel.com\">www.clusterpapel.com<\/a> es la siguiente:<\/p>\n<p>El permiso espec\u00edfico que nos dio cuando se registr\u00f3.<\/p>\n<h3><strong>\u00bfA qui\u00e9n se le dejar\u00e1n sus datos?<\/strong><\/h3>\n<p>La ASOCIACI\u00d3N CL\u00daSTER DEL PAPEL DE EUSKADI no revelar\u00e1 esta informaci\u00f3n a terceros.<\/p>\n<h3>\u00bfCu\u00e1les son sus derechos cuando nos facilita sus datos personales?<\/h3>\n<p>El prestador de datos podr\u00e1 ejercer los siguientes derechos sobre los datos facilitados:<\/p>\n<p>Derecho de acceso: El prestador de datos podr\u00e1 solicitar los datos facilitados a la ASOCIACI\u00d3N CL\u00daSTER DEL PAPEL DE EUSKADI para confirmar si est\u00e1 tratando o no sus datos personales.<\/p>\n<p>Derecho de rectificaci\u00f3n: El prestador de datos podr\u00e1 solicitar a la ASOCIACI\u00d3N CL\u00daSTER DEL PAPEL DE EUSKADI que rectifique sus datos personales si son incorrectos o incompletos.<\/p>\n<p>Derecho de supresi\u00f3n: El prestador de datos podr\u00e1 solicitar a la ASOCIACI\u00d3N CL\u00daSTER DEL PAPEL DE EUSKADI que suprima sus datos personales, entre otras cosas, si estos datos ya no son necesarios para la finalidad para la que fueron recibidos.<\/p>\n<p>Derecho de oposici\u00f3n: El prestador de datos podr\u00e1 oponerse a la ASOCIACI\u00d3N CL\u00daSTER DEL PAPEL DE EUSKADI contra el tratamiento de sus datos personales. En este caso, la ASOCIACI\u00d3N CL\u00daSTER DEL PAPEL DE EUSKADI solo se reservar\u00e1 para realizar o proteger reclamaciones.<\/p>\n<p>Derecho a limitar el tratamiento: El prestador de datos podr\u00e1 solicitar a la ASOCIACI\u00d3N CL\u00daSTER DEL PAPEL DE EUSKADI que de forma temporal y no utilice sus datos personales para fines espec\u00edficos. En este caso, la ASOCIACI\u00d3N CL\u00daSTER DEL PAPEL DE EUSKADI solo se reservar\u00e1 para realizar o proteger reclamaciones.<\/p>\n<p>Derecho de cesi\u00f3n: El prestador de datos podr\u00e1 solicitar a la ASOCIACI\u00d3N CL\u00daSTER DEL PAPEL DE EUSKADI que facilite sus datos en un formato estructurado y de f\u00e1cil acceso. Tambi\u00e9n puede solicitar que sus datos se faciliten a otro responsable del tratamiento.<\/p>\n<p>Derecho a revocar el consentimiento: Si los datos personales se han obtenido mediante consentimiento expreso, el interesado tiene derecho a revocar dicho consentimiento en cualquier momento.<\/p>\n<p>Derecho a presentar reclamaciones: El prestador de datos tendr\u00e1 derecho a presentar una reclamaci\u00f3n ante la Agencia Espa\u00f1ola de Protecci\u00f3n de Datos, en particular si considera que el ejercicio de sus derechos no ha sido adecuado. Esta reclamaci\u00f3n puede realizarse de forma electr\u00f3nica, a trav\u00e9s de la oficina electr\u00f3nica (www.agpd.es) o enviando un correo electr\u00f3nico a la direcci\u00f3n (C \/ Jorge Juan, 6, 28001-Madrid).<\/p>\n<p>Para el ejercicio de cualquiera de los derechos antes mencionados, el donante podr\u00e1 enviar una direcci\u00f3n de correo electr\u00f3nico o direcci\u00f3n de correo electr\u00f3nico a la ASOCIACI\u00d3N CL\u00daSTER DEL PAPEL DE EUSKADI, presentando copia de su DNI, a fin de verificar su identidad.<\/p>\n<\/div><\/div><\/div><\/div><\/div><\/div><\/div><\/section>\n","protected":false},"excerpt":{"rendered":"Esta pol\u00edtica de privacidad tiene como objetivo proporcionar informaci\u00f3n sobre el procesamiento de datos personales en este sitio web y describir los derechos de las partes interesadas del Reglamento (UE) n.o 679\/2016 del Parlamento Europeo y del Consejo, de 27 de abril de 2016, sobre la protecci\u00f3n de las personas. en lo que respecta al...","protected":false},"author":127,"featured_media":0,"parent":0,"menu_order":0,"comment_status":"closed","ping_status":"closed","template":"","meta":{"_acf_changed":false,"footnotes":""},"class_list":["post-2000","page","type-page","status-publish","hentry"],"acf":[],"yoast_head":"<!-- This site is optimized with the Yoast SEO plugin v27.3 - https:\/\/yoast.com\/product\/yoast-seo-wordpress\/ -->\n<title>Privacy Policy - Cluster del Papel<\/title>\n<meta name=\"robots\" content=\"index, follow, max-snippet:-1, max-image-preview:large, max-video-preview:-1\" \/>\n<link rel=\"canonical\" href=\"https:\/\/clusterpapel.com\/en\/privacy-policy\/\" \/>\n<meta property=\"og:locale\" content=\"en_US\" \/>\n<meta property=\"og:type\" content=\"article\" \/>\n<meta property=\"og:title\" content=\"Privacy Policy - Cluster del Papel\" \/>\n<meta property=\"og:url\" content=\"https:\/\/clusterpapel.com\/en\/privacy-policy\/\" \/>\n<meta property=\"og:site_name\" content=\"Cluster del Papel\" \/>\n<meta property=\"article:modified_time\" content=\"2021-08-03T08:57:37+00:00\" \/>\n<meta name=\"twitter:card\" content=\"summary_large_image\" \/>\n<meta name=\"twitter:label1\" content=\"Est. reading time\" \/>\n\t<meta name=\"twitter:data1\" content=\"3 minutes\" \/>\n<script type=\"application\/ld+json\" class=\"yoast-schema-graph\">{\"@context\":\"https:\\\/\\\/schema.org\",\"@graph\":[{\"@type\":\"WebPage\",\"@id\":\"https:\\\/\\\/clusterpapel.com\\\/en\\\/privacy-policy\\\/\",\"url\":\"https:\\\/\\\/clusterpapel.com\\\/en\\\/privacy-policy\\\/\",\"name\":\"Privacy Policy - Cluster del Papel\",\"isPartOf\":{\"@id\":\"https:\\\/\\\/clusterpapel.com\\\/#website\"},\"datePublished\":\"2021-05-13T07:02:59+00:00\",\"dateModified\":\"2021-08-03T08:57:37+00:00\",\"breadcrumb\":{\"@id\":\"https:\\\/\\\/clusterpapel.com\\\/en\\\/privacy-policy\\\/#breadcrumb\"},\"inLanguage\":\"en-US\",\"potentialAction\":[{\"@type\":\"ReadAction\",\"target\":[\"https:\\\/\\\/clusterpapel.com\\\/en\\\/privacy-policy\\\/\"]}]},{\"@type\":\"BreadcrumbList\",\"@id\":\"https:\\\/\\\/clusterpapel.com\\\/en\\\/privacy-policy\\\/#breadcrumb\",\"itemListElement\":[{\"@type\":\"ListItem\",\"position\":1,\"name\":\"Portada\",\"item\":\"https:\\\/\\\/clusterpapel.com\\\/en\\\/\"},{\"@type\":\"ListItem\",\"position\":2,\"name\":\"Privacy Policy\"}]},{\"@type\":\"WebSite\",\"@id\":\"https:\\\/\\\/clusterpapel.com\\\/#website\",\"url\":\"https:\\\/\\\/clusterpapel.com\\\/\",\"name\":\"Cluster del Papel\",\"description\":\"Asociaci\u00f3n Cl\u00faster del Papel de Euskadi\",\"potentialAction\":[{\"@type\":\"SearchAction\",\"target\":{\"@type\":\"EntryPoint\",\"urlTemplate\":\"https:\\\/\\\/clusterpapel.com\\\/?s={search_term_string}\"},\"query-input\":{\"@type\":\"PropertyValueSpecification\",\"valueRequired\":true,\"valueName\":\"search_term_string\"}}],\"inLanguage\":\"en-US\"}]}<\/script>\n<!-- \/ Yoast SEO plugin. -->","yoast_head_json":{"title":"Privacy Policy - Cluster del Papel","robots":{"index":"index","follow":"follow","max-snippet":"max-snippet:-1","max-image-preview":"max-image-preview:large","max-video-preview":"max-video-preview:-1"},"canonical":"https:\/\/clusterpapel.com\/en\/privacy-policy\/","og_locale":"en_US","og_type":"article","og_title":"Privacy Policy - Cluster del Papel","og_url":"https:\/\/clusterpapel.com\/en\/privacy-policy\/","og_site_name":"Cluster del Papel","article_modified_time":"2021-08-03T08:57:37+00:00","twitter_card":"summary_large_image","twitter_misc":{"Est. reading time":"3 minutes"},"schema":{"@context":"https:\/\/schema.org","@graph":[{"@type":"WebPage","@id":"https:\/\/clusterpapel.com\/en\/privacy-policy\/","url":"https:\/\/clusterpapel.com\/en\/privacy-policy\/","name":"Privacy Policy - Cluster del Papel","isPartOf":{"@id":"https:\/\/clusterpapel.com\/#website"},"datePublished":"2021-05-13T07:02:59+00:00","dateModified":"2021-08-03T08:57:37+00:00","breadcrumb":{"@id":"https:\/\/clusterpapel.com\/en\/privacy-policy\/#breadcrumb"},"inLanguage":"en-US","potentialAction":[{"@type":"ReadAction","target":["https:\/\/clusterpapel.com\/en\/privacy-policy\/"]}]},{"@type":"BreadcrumbList","@id":"https:\/\/clusterpapel.com\/en\/privacy-policy\/#breadcrumb","itemListElement":[{"@type":"ListItem","position":1,"name":"Portada","item":"https:\/\/clusterpapel.com\/en\/"},{"@type":"ListItem","position":2,"name":"Privacy Policy"}]},{"@type":"WebSite","@id":"https:\/\/clusterpapel.com\/#website","url":"https:\/\/clusterpapel.com\/","name":"Cluster del Papel","description":"Asociaci\u00f3n Cl\u00faster del Papel de Euskadi","potentialAction":[{"@type":"SearchAction","target":{"@type":"EntryPoint","urlTemplate":"https:\/\/clusterpapel.com\/?s={search_term_string}"},"query-input":{"@type":"PropertyValueSpecification","valueRequired":true,"valueName":"search_term_string"}}],"inLanguage":"en-US"}]}},"_links":{"self":[{"href":"https:\/\/clusterpapel.com\/en\/wp-json\/wp\/v2\/pages\/2000","targetHints":{"allow":["GET"]}}],"collection":[{"href":"https:\/\/clusterpapel.com\/en\/wp-json\/wp\/v2\/pages"}],"about":[{"href":"https:\/\/clusterpapel.com\/en\/wp-json\/wp\/v2\/types\/page"}],"author":[{"embeddable":true,"href":"https:\/\/clusterpapel.com\/en\/wp-json\/wp\/v2\/users\/127"}],"replies":[{"embeddable":true,"href":"https:\/\/clusterpapel.com\/en\/wp-json\/wp\/v2\/comments?post=2000"}],"version-history":[{"count":1,"href":"https:\/\/clusterpapel.com\/en\/wp-json\/wp\/v2\/pages\/2000\/revisions"}],"predecessor-version":[{"id":2001,"href":"https:\/\/clusterpapel.com\/en\/wp-json\/wp\/v2\/pages\/2000\/revisions\/2001"}],"wp:attachment":[{"href":"https:\/\/clusterpapel.com\/en\/wp-json\/wp\/v2\/media?parent=2000"}],"curies":[{"name":"wp","href":"https:\/\/api.w.org\/{rel}","templated":true}]}}