{"id":1067,"date":"2021-06-03T17:54:51","date_gmt":"2021-06-03T17:54:51","guid":{"rendered":"https:\/\/clusterpapel.com\/?page_id=1067"},"modified":"2021-06-03T18:03:14","modified_gmt":"2021-06-03T18:03:14","slug":"ficha-cv","status":"publish","type":"page","link":"https:\/\/clusterpapel.com\/eu\/ficha-cv\/","title":{"rendered":"Ficha CV"},"content":{"rendered":"<section class=\"l-section wpb_row height_medium\"><div class=\"l-section-h i-cf\"><div class=\"g-cols vc_row via_flex valign_top type_default stacking_default\"><div class=\"vc_col-sm-10 wpb_column vc_column_container\"><div class=\"vc_column-inner\"><div class=\"wpb_wrapper\">[vc_custom_heading text=&#8221;Nombre y Apellidos&#8221; font_container=&#8221;tag:h3|text_align:left&#8221; use_theme_fonts=&#8221;yes&#8221;]<div class=\"wpb_text_column\"><div class=\"wpb_wrapper\"><p><strong>Tel\u00e9fono:<\/strong> XXXXXX<\/p>\n<p><strong>Correo electr\u00f3nico:<\/strong> blablabla@email.com<\/p>\n<p><strong>Titulaci\u00f3n:<\/strong> lorem impsum<\/p>\n<p><strong>Estudios realizados:<\/strong> Lorem ipsum dolor sit amet, consectetur adipiscing elit. Vestibulum ac urna felis. Aliquam rutrum est libero, ac faucibus enim molestie quis. Donec elit sem, tempor eu pellentesque a, condimentum in orci. Donec nec condimentum nibh, et lacinia ligula. Proin sit amet mattis lectus. Donec velit mi, tristique non ex id, viverra imperdiet lacus. Donec auctor elit ante, non malesuada est interdum sit amet. Nam tempus, ligula non vehicula sodales, diam ex faucibus felis, eu hendrerit neque erat vitae eros. Nam vel dui sit amet lectus varius euismod. Pellentesque habitant morbi tristique senectus et netus et malesuada fames ac turpis egestas. Vivamus viverra bibendum aliquet. Morbi molestie vulputate viverra. Etiam pharetra lectus volutpat massa rhoncus, ac sodales felis faucibus. Nulla pellentesque justo quis nisi tempus volutpat. Aenean a maximus leo.<\/p>\n<p><strong>Experiencia profesional:<\/strong> xxxx<\/p>\n<p><strong>Experiencia profesional:<\/strong> Lorem ipsum dolor sit amet, consectetur adipiscing elit. Vestibulum ac urna felis. Aliquam rutrum est libero, ac faucibus enim molestie quis. Donec elit sem, tempor eu pellentesque a, condimentum in orci. Donec nec condimentum nibh, et lacinia ligula. Proin sit amet mattis lectus. Donec velit mi, tristique non ex id, viverra imperdiet lacus. Donec auctor elit ante, non malesuada est interdum sit amet. Nam tempus, ligula non vehicula sodales, diam ex faucibus felis, eu hendrerit neque erat vitae eros. Nam vel dui sit amet lectus varius euismod. Pellentesque habitant morbi tristique senectus et netus et malesuada fames ac turpis egestas. Vivamus viverra bibendum aliquet. Morbi molestie vulputate viverra. Etiam pharetra lectus volutpat massa rhoncus, ac sodales felis faucibus. Nulla pellentesque justo quis nisi tempus volutpat. Aenean a maximus leo.<\/p>\n<\/div><\/div><div class=\"w-hwrapper us_custom_378af6a0 descargar valign_top align_none\"><div class=\"w-btn-wrapper align_none\"><button class=\"w-btn us-btn-style_3 us_custom_fd8fd619\" type=\"button\"><span class=\"w-btn-label\">DESCARGAR PDF<\/span><\/button><\/div><div class=\"wpb_text_column us_custom_7ce82277\"><div class=\"wpb_wrapper\"><p>CV en PDF<\/p>\n<\/div><\/div><\/div><\/div><\/div><\/div><div class=\"vc_col-sm-2 wpb_column vc_column_container\"><div class=\"vc_column-inner\"><div class=\"wpb_wrapper\"><\/div><\/div><\/div><\/div><\/div><\/section>\n","protected":false},"excerpt":{"rendered":"[vc_custom_heading text=\"Nombre y Apellidos\" font_container=\"tag:h3|text_align:left\" use_theme_fonts=\"yes\"]Tel\u00e9fono: XXXXXX Correo electr\u00f3nico: blablabla@email.com Titulaci\u00f3n: lorem impsum Estudios realizados: Lorem ipsum dolor sit amet, consectetur adipiscing elit. Vestibulum ac urna felis. Aliquam rutrum est libero, ac faucibus enim molestie quis. Donec elit sem, tempor eu pellentesque a, condimentum in orci. Donec nec condimentum nibh, et lacinia ligula. Proin sit...","protected":false},"author":127,"featured_media":0,"parent":0,"menu_order":0,"comment_status":"closed","ping_status":"closed","template":"","meta":{"_acf_changed":false,"footnotes":""},"class_list":["post-1067","page","type-page","status-publish","hentry"],"acf":[],"yoast_head":"<!-- This site is optimized with the Yoast SEO plugin v27.3 - https:\/\/yoast.com\/product\/yoast-seo-wordpress\/ -->\n<title>Ficha CV - Cluster del Papel<\/title>\n<meta name=\"robots\" content=\"index, follow, max-snippet:-1, max-image-preview:large, max-video-preview:-1\" \/>\n<link rel=\"canonical\" href=\"https:\/\/clusterpapel.com\/ficha-cv\/\" \/>\n<meta property=\"og:locale\" content=\"eu_ES\" \/>\n<meta property=\"og:type\" content=\"article\" \/>\n<meta property=\"og:title\" content=\"Ficha CV - Cluster del Papel\" \/>\n<meta property=\"og:url\" content=\"https:\/\/clusterpapel.com\/ficha-cv\/\" \/>\n<meta property=\"og:site_name\" content=\"Cluster del Papel\" \/>\n<meta property=\"article:modified_time\" content=\"2021-06-03T18:03:14+00:00\" \/>\n<meta name=\"twitter:card\" content=\"summary_large_image\" \/>\n<meta name=\"twitter:label1\" content=\"Est. reading time\" \/>\n\t<meta name=\"twitter:data1\" content=\"2 minutes\" \/>\n<script type=\"application\/ld+json\" class=\"yoast-schema-graph\">{\"@context\":\"https:\\\/\\\/schema.org\",\"@graph\":[{\"@type\":\"WebPage\",\"@id\":\"https:\\\/\\\/clusterpapel.com\\\/ficha-cv\\\/\",\"url\":\"https:\\\/\\\/clusterpapel.com\\\/ficha-cv\\\/\",\"name\":\"Ficha CV - Cluster del Papel\",\"isPartOf\":{\"@id\":\"https:\\\/\\\/clusterpapel.com\\\/#website\"},\"datePublished\":\"2021-06-03T17:54:51+00:00\",\"dateModified\":\"2021-06-03T18:03:14+00:00\",\"breadcrumb\":{\"@id\":\"https:\\\/\\\/clusterpapel.com\\\/ficha-cv\\\/#breadcrumb\"},\"inLanguage\":\"eu-ES\",\"potentialAction\":[{\"@type\":\"ReadAction\",\"target\":[\"https:\\\/\\\/clusterpapel.com\\\/ficha-cv\\\/\"]}]},{\"@type\":\"BreadcrumbList\",\"@id\":\"https:\\\/\\\/clusterpapel.com\\\/ficha-cv\\\/#breadcrumb\",\"itemListElement\":[{\"@type\":\"ListItem\",\"position\":1,\"name\":\"Portada\",\"item\":\"https:\\\/\\\/clusterpapel.com\\\/eu\\\/\"},{\"@type\":\"ListItem\",\"position\":2,\"name\":\"Ficha CV\"}]},{\"@type\":\"WebSite\",\"@id\":\"https:\\\/\\\/clusterpapel.com\\\/#website\",\"url\":\"https:\\\/\\\/clusterpapel.com\\\/\",\"name\":\"Cluster del Papel\",\"description\":\"Asociaci\u00f3n Cl\u00faster del Papel de Euskadi\",\"potentialAction\":[{\"@type\":\"SearchAction\",\"target\":{\"@type\":\"EntryPoint\",\"urlTemplate\":\"https:\\\/\\\/clusterpapel.com\\\/?s={search_term_string}\"},\"query-input\":{\"@type\":\"PropertyValueSpecification\",\"valueRequired\":true,\"valueName\":\"search_term_string\"}}],\"inLanguage\":\"eu-ES\"}]}<\/script>\n<!-- \/ Yoast SEO plugin. -->","yoast_head_json":{"title":"Ficha CV - Cluster del Papel","robots":{"index":"index","follow":"follow","max-snippet":"max-snippet:-1","max-image-preview":"max-image-preview:large","max-video-preview":"max-video-preview:-1"},"canonical":"https:\/\/clusterpapel.com\/ficha-cv\/","og_locale":"eu_ES","og_type":"article","og_title":"Ficha CV - Cluster del Papel","og_url":"https:\/\/clusterpapel.com\/ficha-cv\/","og_site_name":"Cluster del Papel","article_modified_time":"2021-06-03T18:03:14+00:00","twitter_card":"summary_large_image","twitter_misc":{"Est. reading time":"2 minutes"},"schema":{"@context":"https:\/\/schema.org","@graph":[{"@type":"WebPage","@id":"https:\/\/clusterpapel.com\/ficha-cv\/","url":"https:\/\/clusterpapel.com\/ficha-cv\/","name":"Ficha CV - Cluster del Papel","isPartOf":{"@id":"https:\/\/clusterpapel.com\/#website"},"datePublished":"2021-06-03T17:54:51+00:00","dateModified":"2021-06-03T18:03:14+00:00","breadcrumb":{"@id":"https:\/\/clusterpapel.com\/ficha-cv\/#breadcrumb"},"inLanguage":"eu-ES","potentialAction":[{"@type":"ReadAction","target":["https:\/\/clusterpapel.com\/ficha-cv\/"]}]},{"@type":"BreadcrumbList","@id":"https:\/\/clusterpapel.com\/ficha-cv\/#breadcrumb","itemListElement":[{"@type":"ListItem","position":1,"name":"Portada","item":"https:\/\/clusterpapel.com\/eu\/"},{"@type":"ListItem","position":2,"name":"Ficha CV"}]},{"@type":"WebSite","@id":"https:\/\/clusterpapel.com\/#website","url":"https:\/\/clusterpapel.com\/","name":"Cluster del Papel","description":"Asociaci\u00f3n Cl\u00faster del Papel de Euskadi","potentialAction":[{"@type":"SearchAction","target":{"@type":"EntryPoint","urlTemplate":"https:\/\/clusterpapel.com\/?s={search_term_string}"},"query-input":{"@type":"PropertyValueSpecification","valueRequired":true,"valueName":"search_term_string"}}],"inLanguage":"eu-ES"}]}},"_links":{"self":[{"href":"https:\/\/clusterpapel.com\/eu\/wp-json\/wp\/v2\/pages\/1067","targetHints":{"allow":["GET"]}}],"collection":[{"href":"https:\/\/clusterpapel.com\/eu\/wp-json\/wp\/v2\/pages"}],"about":[{"href":"https:\/\/clusterpapel.com\/eu\/wp-json\/wp\/v2\/types\/page"}],"author":[{"embeddable":true,"href":"https:\/\/clusterpapel.com\/eu\/wp-json\/wp\/v2\/users\/127"}],"replies":[{"embeddable":true,"href":"https:\/\/clusterpapel.com\/eu\/wp-json\/wp\/v2\/comments?post=1067"}],"version-history":[{"count":8,"href":"https:\/\/clusterpapel.com\/eu\/wp-json\/wp\/v2\/pages\/1067\/revisions"}],"predecessor-version":[{"id":1077,"href":"https:\/\/clusterpapel.com\/eu\/wp-json\/wp\/v2\/pages\/1067\/revisions\/1077"}],"wp:attachment":[{"href":"https:\/\/clusterpapel.com\/eu\/wp-json\/wp\/v2\/media?parent=1067"}],"curies":[{"name":"wp","href":"https:\/\/api.w.org\/{rel}","templated":true}]}}